{"id":9,"date":"2025-03-12T15:15:52","date_gmt":"2025-03-12T14:15:52","guid":{"rendered":"https:\/\/mis.designpartners.pl\/?page_id=9"},"modified":"2025-12-19T14:27:39","modified_gmt":"2025-12-19T13:27:39","slug":"strona-glowna","status":"publish","type":"page","link":"https:\/\/osiedleslonecznapolana.com\/eng\/","title":{"rendered":"Home"},"content":{"rendered":"","protected":false},"excerpt":{"rendered":"","protected":false},"author":1,"featured_media":0,"parent":0,"menu_order":0,"comment_status":"closed","ping_status":"closed","template":"","meta":{"_acf_changed":false,"inline_featured_image":false,"footnotes":""},"class_list":["post-9","page","type-page","status-publish","hentry"],"acf":[],"yoast_head":"<!-- This site is optimized with the Yoast SEO plugin v26.4 - https:\/\/yoast.com\/wordpress\/plugins\/seo\/ -->\n<title>Nowe mieszkania na sprzeda\u017c w Kudowie-Zdroju!<\/title>\n<meta name=\"description\" content=\"S\u0142oneczna Polana to wspania\u0142a inwestycja deweloperska w Kudowie-Zdroju, zlokalizowana w miejscu gwarantuj\u0105cym cisz\u0119 i spok\u00f3j oraz wyj\u0105tkowe widoki. Oferujemy mieszkania o powierzchni od 35 m2 do 75 m2, a tak\u017ce miejsca postojowe zlokalizowane w gara\u017cu podziemnym, jak i miejsca postojowe naziemne. To kolejny ju\u017c etap najlepiej sprzedaj\u0105cego si\u0119 osiedla w Kotlinie K\u0142odzkiej, inwestycji gwarantuj\u0105cej zysk dla Twojego kapita\u0142u.\" \/>\n<meta name=\"robots\" content=\"index, follow, max-snippet:-1, max-image-preview:large, max-video-preview:-1\" \/>\n<link rel=\"canonical\" href=\"https:\/\/osiedleslonecznapolana.com\/eng\/\" \/>\n<meta property=\"og:locale\" content=\"en_GB\" \/>\n<meta property=\"og:type\" content=\"article\" \/>\n<meta property=\"og:title\" content=\"Nowe mieszkania na sprzeda\u017c w Kudowie-Zdroju!\" \/>\n<meta property=\"og:description\" content=\"S\u0142oneczna Polana to wspania\u0142a inwestycja deweloperska w Kudowie-Zdroju, zlokalizowana w miejscu gwarantuj\u0105cym cisz\u0119 i spok\u00f3j oraz wyj\u0105tkowe widoki. Oferujemy mieszkania o powierzchni od 35 m2 do 75 m2, a tak\u017ce miejsca postojowe zlokalizowane w gara\u017cu podziemnym, jak i miejsca postojowe naziemne. To kolejny ju\u017c etap najlepiej sprzedaj\u0105cego si\u0119 osiedla w Kotlinie K\u0142odzkiej, inwestycji gwarantuj\u0105cej zysk dla Twojego kapita\u0142u.\" \/>\n<meta property=\"og:url\" content=\"https:\/\/osiedleslonecznapolana.com\/eng\/\" \/>\n<meta property=\"og:site_name\" content=\"S\u0142oneczna Polana\" \/>\n<meta property=\"article:modified_time\" content=\"2025-12-19T13:27:39+00:00\" \/>\n<meta name=\"twitter:card\" content=\"summary_large_image\" \/>\n<script type=\"application\/ld+json\" class=\"yoast-schema-graph\">{\"@context\":\"https:\/\/schema.org\",\"@graph\":[{\"@type\":\"WebPage\",\"@id\":\"https:\/\/osiedleslonecznapolana.com\/\",\"url\":\"https:\/\/osiedleslonecznapolana.com\/\",\"name\":\"Nowe mieszkania na sprzeda\u017c w Kudowie-Zdroju!\",\"isPartOf\":{\"@id\":\"https:\/\/osiedleslonecznapolana.com\/#website\"},\"datePublished\":\"2025-03-12T14:15:52+00:00\",\"dateModified\":\"2025-12-19T13:27:39+00:00\",\"description\":\"S\u0142oneczna Polana to wspania\u0142a inwestycja deweloperska w Kudowie-Zdroju, zlokalizowana w miejscu gwarantuj\u0105cym cisz\u0119 i spok\u00f3j oraz wyj\u0105tkowe widoki. Oferujemy mieszkania o powierzchni od 35 m2 do 75 m2, a tak\u017ce miejsca postojowe zlokalizowane w gara\u017cu podziemnym, jak i miejsca postojowe naziemne. To kolejny ju\u017c etap najlepiej sprzedaj\u0105cego si\u0119 osiedla w Kotlinie K\u0142odzkiej, inwestycji gwarantuj\u0105cej zysk dla Twojego kapita\u0142u.\",\"breadcrumb\":{\"@id\":\"https:\/\/osiedleslonecznapolana.com\/#breadcrumb\"},\"inLanguage\":\"en-GB\",\"potentialAction\":[{\"@type\":\"ReadAction\",\"target\":[\"https:\/\/osiedleslonecznapolana.com\/\"]}]},{\"@type\":\"BreadcrumbList\",\"@id\":\"https:\/\/osiedleslonecznapolana.com\/#breadcrumb\",\"itemListElement\":[{\"@type\":\"ListItem\",\"position\":1,\"name\":\"Strona g\u0142\u00f3wna\",\"item\":\"https:\/\/osiedleslonecznapolana.com\/\"},{\"@type\":\"ListItem\",\"position\":2,\"name\":\"Strona G\u0142\u00f3wna\"}]},{\"@type\":\"WebSite\",\"@id\":\"https:\/\/osiedleslonecznapolana.com\/#website\",\"url\":\"https:\/\/osiedleslonecznapolana.com\/\",\"name\":\"S\u0142oneczna Polana\",\"description\":\"\",\"publisher\":{\"@id\":\"https:\/\/osiedleslonecznapolana.com\/#organization\"},\"potentialAction\":[{\"@type\":\"SearchAction\",\"target\":{\"@type\":\"EntryPoint\",\"urlTemplate\":\"https:\/\/osiedleslonecznapolana.com\/?s={search_term_string}\"},\"query-input\":{\"@type\":\"PropertyValueSpecification\",\"valueRequired\":true,\"valueName\":\"search_term_string\"}}],\"inLanguage\":\"en-GB\"},{\"@type\":\"Organization\",\"@id\":\"https:\/\/osiedleslonecznapolana.com\/#organization\",\"name\":\"S\u0142oneczna Polana\",\"url\":\"https:\/\/osiedleslonecznapolana.com\/\",\"logo\":{\"@type\":\"ImageObject\",\"inLanguage\":\"en-GB\",\"@id\":\"https:\/\/osiedleslonecznapolana.com\/#\/schema\/logo\/image\/\",\"url\":\"https:\/\/osiedleslonecznapolana.com\/wp-content\/uploads\/2025\/07\/logo-biale.svg\",\"contentUrl\":\"https:\/\/osiedleslonecznapolana.com\/wp-content\/uploads\/2025\/07\/logo-biale.svg\",\"width\":117,\"height\":62,\"caption\":\"S\u0142oneczna Polana\"},\"image\":{\"@id\":\"https:\/\/osiedleslonecznapolana.com\/#\/schema\/logo\/image\/\"}}]}<\/script>\n<!-- \/ Yoast SEO plugin. -->","yoast_head_json":{"title":"New flats for sale in Kudowa-Zdr\u00f3j!","description":"S\u0142oneczna Polana is a magnificent development project in Kudowa-Zdr\u00f3j, located in a place that guarantees peace and quiet as well as exceptional views. We offer flats ranging in size from 35 m\u00b2 to 75 m\u00b2, as well as parking spaces located in an underground car park and above-ground parking spaces. This is the next stage of the best-selling housing estate in the K\u0142odzko Valley, an investment that guarantees a return on your capital.","robots":{"index":"index","follow":"follow","max-snippet":"max-snippet:-1","max-image-preview":"max-image-preview:large","max-video-preview":"max-video-preview:-1"},"canonical":"https:\/\/osiedleslonecznapolana.com\/eng\/","og_locale":"en_GB","og_type":"article","og_title":"Nowe mieszkania na sprzeda\u017c w Kudowie-Zdroju!","og_description":"S\u0142oneczna Polana to wspania\u0142a inwestycja deweloperska w Kudowie-Zdroju, zlokalizowana w miejscu gwarantuj\u0105cym cisz\u0119 i spok\u00f3j oraz wyj\u0105tkowe widoki. Oferujemy mieszkania o powierzchni od 35 m2 do 75 m2, a tak\u017ce miejsca postojowe zlokalizowane w gara\u017cu podziemnym, jak i miejsca postojowe naziemne. To kolejny ju\u017c etap najlepiej sprzedaj\u0105cego si\u0119 osiedla w Kotlinie K\u0142odzkiej, inwestycji gwarantuj\u0105cej zysk dla Twojego kapita\u0142u.","og_url":"https:\/\/osiedleslonecznapolana.com\/eng\/","og_site_name":"S\u0142oneczna Polana","article_modified_time":"2025-12-19T13:27:39+00:00","twitter_card":"summary_large_image","schema":{"@context":"https:\/\/schema.org","@graph":[{"@type":"WebPage","@id":"https:\/\/osiedleslonecznapolana.com\/","url":"https:\/\/osiedleslonecznapolana.com\/","name":"New flats for sale in Kudowa-Zdr\u00f3j!","isPartOf":{"@id":"https:\/\/osiedleslonecznapolana.com\/#website"},"datePublished":"2025-03-12T14:15:52+00:00","dateModified":"2025-12-19T13:27:39+00:00","description":"S\u0142oneczna Polana is a magnificent development project in Kudowa-Zdr\u00f3j, located in a place that guarantees peace and quiet as well as exceptional views. We offer flats ranging in size from 35 m\u00b2 to 75 m\u00b2, as well as parking spaces located in an underground car park and above-ground parking spaces. This is the next stage of the best-selling housing estate in the K\u0142odzko Valley, an investment that guarantees a return on your capital.","breadcrumb":{"@id":"https:\/\/osiedleslonecznapolana.com\/#breadcrumb"},"inLanguage":"en-GB","potentialAction":[{"@type":"ReadAction","target":["https:\/\/osiedleslonecznapolana.com\/"]}]},{"@type":"BreadcrumbList","@id":"https:\/\/osiedleslonecznapolana.com\/#breadcrumb","itemListElement":[{"@type":"ListItem","position":1,"name":"Strona g\u0142\u00f3wna","item":"https:\/\/osiedleslonecznapolana.com\/"},{"@type":"ListItem","position":2,"name":"Strona G\u0142\u00f3wna"}]},{"@type":"WebSite","@id":"https:\/\/osiedleslonecznapolana.com\/#website","url":"https:\/\/osiedleslonecznapolana.com\/","name":"Sunny Glade","description":"","publisher":{"@id":"https:\/\/osiedleslonecznapolana.com\/#organization"},"potentialAction":[{"@type":"SearchAction","target":{"@type":"EntryPoint","urlTemplate":"https:\/\/osiedleslonecznapolana.com\/?s={search_term_string}"},"query-input":{"@type":"PropertyValueSpecification","valueRequired":true,"valueName":"search_term_string"}}],"inLanguage":"en-GB"},{"@type":"Organization","@id":"https:\/\/osiedleslonecznapolana.com\/#organization","name":"Sunny Glade","url":"https:\/\/osiedleslonecznapolana.com\/","logo":{"@type":"ImageObject","inLanguage":"en-GB","@id":"https:\/\/osiedleslonecznapolana.com\/#\/schema\/logo\/image\/","url":"https:\/\/osiedleslonecznapolana.com\/wp-content\/uploads\/2025\/07\/logo-biale.svg","contentUrl":"https:\/\/osiedleslonecznapolana.com\/wp-content\/uploads\/2025\/07\/logo-biale.svg","width":117,"height":62,"caption":"S\u0142oneczna Polana"},"image":{"@id":"https:\/\/osiedleslonecznapolana.com\/#\/schema\/logo\/image\/"}}]}},"_links":{"self":[{"href":"https:\/\/osiedleslonecznapolana.com\/eng\/wp-json\/wp\/v2\/pages\/9","targetHints":{"allow":["GET"]}}],"collection":[{"href":"https:\/\/osiedleslonecznapolana.com\/eng\/wp-json\/wp\/v2\/pages"}],"about":[{"href":"https:\/\/osiedleslonecznapolana.com\/eng\/wp-json\/wp\/v2\/types\/page"}],"author":[{"embeddable":true,"href":"https:\/\/osiedleslonecznapolana.com\/eng\/wp-json\/wp\/v2\/users\/1"}],"replies":[{"embeddable":true,"href":"https:\/\/osiedleslonecznapolana.com\/eng\/wp-json\/wp\/v2\/comments?post=9"}],"version-history":[{"count":198,"href":"https:\/\/osiedleslonecznapolana.com\/eng\/wp-json\/wp\/v2\/pages\/9\/revisions"}],"predecessor-version":[{"id":1448,"href":"https:\/\/osiedleslonecznapolana.com\/eng\/wp-json\/wp\/v2\/pages\/9\/revisions\/1448"}],"wp:attachment":[{"href":"https:\/\/osiedleslonecznapolana.com\/eng\/wp-json\/wp\/v2\/media?parent=9"}],"curies":[{"name":"wp","href":"https:\/\/api.w.org\/{rel}","templated":true}]}}